{"id":200,"date":"2018-05-01T10:46:59","date_gmt":"2018-05-01T08:46:59","guid":{"rendered":"http:\/\/www.shg-schlaganfall-aphasie-shk.de\/?page_id=200"},"modified":"2018-05-01T11:10:22","modified_gmt":"2018-05-01T09:10:22","slug":"datenschutz","status":"publish","type":"page","link":"http:\/\/www.shg-schlaganfall-aphasie-shk.de\/?page_id=200","title":{"rendered":"Datenschutz"},"content":{"rendered":"<h1>Datenschutzerkl\u00e4rung<\/h1>\n<p>Auf dieser Seite m\u00f6chte wir Sie aufkl\u00e4ren welche personenbezogene Daten aufgezeichnet und verwendet werden.<\/p>\n<p>Im Allgemeinen werden keine personenbezogenen Daten f\u00fcr statistische Auswertungen benutzt oder an Dritte weitergegeben.<\/p>\n<p\/>\n<h2>Zugriffsdaten\/Logfiles<\/h2>\n<p>Die Aphasie und Schlaganfall &#8211; Selbsthilfegruppe im Saale-Holzland-Kreis als Websitebetreiber sowie der Seitenprovider erheben Daten \u00fcber Zugriffe auf die Website und speichert diese als sogenannte &#8222;Logfiles&#8220; ab. Diese &#8222;Logfiles&#8220; sind Textdateien welche Zeilenweise folgende Informationen beinhalten:<\/p>\n<p><\/p>\n<ul>\n<li>die verwendete IP-Adresse<\/li>\n<li>Zeitstempel<\/li>\n<li>HTTP-Anfragemethode<\/li>\n<li>HTTP-Anfragestatus<\/li>\n<li>die \u00fcbertragene Datenmenge<\/li>\n<li>den Referer<\/li>\n<li>den User-Agent<\/li>\n<\/ul>\n<p><\/p>\n<p>Diese Daten werden ausschlie\u00dflich zur Behebung von technischen Fehlern der Website bzw. des Systems ben\u00f6tigt. Da \u00fcber die IP-Adresse in Verbindung mit dem Zeitstempel eine Identifizierung m\u00f6glich ist, wird die IP-Adresse nach sieben Tagen automatisch anonymisiert.<\/p>\n<h2>Links zu anderen Webseiten<\/h2>\n<p>Innerhalb unserer Website existieren Links zu fremden Webangeboten. Diesbez\u00fcglich hat die Aphasie und Schlaganfall &#8211; Selbsthilfegruppe im Saale-Holzland-Kreis als Websitebetreiber keinen Einfluss darauf, dass deren Betreiber die Datenschutzbestimmungen einhalten.<\/p>\n<p>Au\u00dferdem weisen wir darauf hin, dass die Daten\u00fcbertragung im Internet (z.B. bei der Kommunikation per E-Mail) Sicherheitsl\u00fccken aufweisen kann. Ein l\u00fcckenloser Schutz der Daten vor dem Zugriff durch Dritte ist dabei nicht m\u00f6glich.<\/p>\n","protected":false},"excerpt":{"rendered":"<p>Datenschutzerkl\u00e4rung Auf dieser Seite m\u00f6chte wir Sie aufkl\u00e4ren welche personenbezogene Daten aufgezeichnet und verwendet werden. Im Allgemeinen werden keine personenbezogenen Daten f\u00fcr statistische Auswertungen benutzt oder an Dritte weitergegeben. Zugriffsdaten\/Logfiles Die Aphasie und Schlaganfall &#8211; Selbsthilfegruppe im Saale-Holzland-Kreis als Websitebetreiber sowie der Seitenprovider erheben Daten \u00fcber Zugriffe auf die Website und speichert diese als sogenannte &hellip; <a href=\"http:\/\/www.shg-schlaganfall-aphasie-shk.de\/?page_id=200\" class=\"more-link\"><span class=\"screen-reader-text\">&#8222;Datenschutz&#8220; <\/span>weiterlesen<\/a><\/p>\n","protected":false},"author":5,"featured_media":0,"parent":0,"menu_order":0,"comment_status":"closed","ping_status":"closed","template":"","meta":[],"_links":{"self":[{"href":"http:\/\/www.shg-schlaganfall-aphasie-shk.de\/index.php?rest_route=\/wp\/v2\/pages\/200"}],"collection":[{"href":"http:\/\/www.shg-schlaganfall-aphasie-shk.de\/index.php?rest_route=\/wp\/v2\/pages"}],"about":[{"href":"http:\/\/www.shg-schlaganfall-aphasie-shk.de\/index.php?rest_route=\/wp\/v2\/types\/page"}],"author":[{"embeddable":true,"href":"http:\/\/www.shg-schlaganfall-aphasie-shk.de\/index.php?rest_route=\/wp\/v2\/users\/5"}],"replies":[{"embeddable":true,"href":"http:\/\/www.shg-schlaganfall-aphasie-shk.de\/index.php?rest_route=%2Fwp%2Fv2%2Fcomments&post=200"}],"version-history":[{"count":9,"href":"http:\/\/www.shg-schlaganfall-aphasie-shk.de\/index.php?rest_route=\/wp\/v2\/pages\/200\/revisions"}],"predecessor-version":[{"id":212,"href":"http:\/\/www.shg-schlaganfall-aphasie-shk.de\/index.php?rest_route=\/wp\/v2\/pages\/200\/revisions\/212"}],"wp:attachment":[{"href":"http:\/\/www.shg-schlaganfall-aphasie-shk.de\/index.php?rest_route=%2Fwp%2Fv2%2Fmedia&parent=200"}],"curies":[{"name":"wp","href":"https:\/\/api.w.org\/{rel}","templated":true}]}}