{"id":77,"date":"2016-10-09T20:58:11","date_gmt":"2016-10-09T18:58:11","guid":{"rendered":"http:\/\/localhost\/wordpress2\/?page_id=77"},"modified":"2017-01-17T22:51:25","modified_gmt":"2017-01-17T20:51:25","slug":"seite3","status":"publish","type":"page","link":"http:\/\/www.shg-schlaganfall-aphasie-shk.de\/?page_id=77","title":{"rendered":"Aphasie <span class=\"word-wrap-enforce\">und<\/span> Schlaganfall"},"content":{"rendered":"<h2>Aphasie<\/h2>\n<p>Eine Aphasie ist eine erworbene zentrale Sprachst\u00f6rung, die durch Sch\u00e4digung des Gehirns hervorgerufen wird. Alle Bereiche und Modalit\u00e4ten der Sprache k\u00f6nnen in unterschiedlichem Ausma\u00df beeintr\u00e4chtigt sein. Die Lautstruktur (Phonologie), der Wortschatz (Lexikon), die Bedeutung (Semantik) und der Satzbau (Syntax). Sowohl die rezeptiven (Sprachverst\u00e4ndnis) als auch die expressiven (Sprachproduktion) F\u00e4higkeiten k\u00f6nnen betroffen sein. Somit k\u00f6nnen das Sprechen und Verstehen der Lautsprache oder auch das Lesen und Verstehen geschriebener Sprache erschwert und je nach Schweregrad der Beeintr\u00e4chtigung sogar kaum noch m\u00f6glich sein. Diese zumeist pl\u00f6tzlich auftretenden sprachlichen Defizite haben h\u00e4ufig weitreichende und teilweise lang andauernde Folgen f\u00fcr das famili\u00e4re, soziale und berufliche Leben der Betroffenen und ihrer Angeh\u00f6rigen.<br \/>\n<em>(Quelle: dbl &#8211; Deutscher Bundesverband f\u00fcr Logop\u00e4die e.V.)<\/em><\/p>\n<h2>Schlaganfall<\/h2>\n<p>Ein Schlaganfall (Apoplex, Hirnschlag, Hirninfarkt oder Insult) entsteht, wenn ein bestimmter Teil des Gehirns pl\u00f6tzlich nicht mehr mit Sauerstoff versorgt wird.<\/p>\n<p>Es lassen sich zwei Arten unterscheiden:<\/p>\n<ul>\n<li>Hirngef\u00e4\u00dfverschluss<\/li>\n<li>Hirnblutung<\/li>\n<\/ul>\n<p>Kommt es zu einem Sauerstoffmangel, weil die Gehirndurchblutung unterbrochen ist (Isch\u00e4mie), sprechen Mediziner von einem isch\u00e4mischen Schlaganfall. Auch eine Blutung (H\u00e4morrhagie) im Gehirn kann die Ursache f\u00fcr einen Schlaganfall sein. \u00c4rzte bezeichnen diese Art von Hirninfarkt als h\u00e4morrhagischen Schlaganfall. In beiden F\u00e4llen werden die Nervenzellen im betroffenen Gebiet gesch\u00e4digt und sterben ab.<br \/>\nF\u00fcr den Begriff \u0084Schlaganfall\u0093 werden oft auch die Begriffe: Insult beziehungsweise Hirninsult, Apoplex und Hirnschlag verwendet.<\/p>\n","protected":false},"excerpt":{"rendered":"<p>Aphasie Eine Aphasie ist eine erworbene zentrale Sprachst\u00f6rung, die durch Sch\u00e4digung des Gehirns hervorgerufen wird. Alle Bereiche und Modalit\u00e4ten der Sprache k\u00f6nnen in unterschiedlichem Ausma\u00df beeintr\u00e4chtigt sein. Die Lautstruktur (Phonologie), der Wortschatz (Lexikon), die Bedeutung (Semantik) und der Satzbau (Syntax). Sowohl die rezeptiven (Sprachverst\u00e4ndnis) als auch die expressiven (Sprachproduktion) F\u00e4higkeiten k\u00f6nnen betroffen sein. Somit k\u00f6nnen &hellip; <a href=\"http:\/\/www.shg-schlaganfall-aphasie-shk.de\/?page_id=77\" class=\"more-link\"><span class=\"screen-reader-text\">&#8222;Aphasie <span class=\"word-wrap-enforce\">und<\/span> Schlaganfall&#8220; <\/span>weiterlesen<\/a><\/p>\n","protected":false},"author":5,"featured_media":0,"parent":0,"menu_order":0,"comment_status":"closed","ping_status":"closed","template":"","meta":[],"_links":{"self":[{"href":"http:\/\/www.shg-schlaganfall-aphasie-shk.de\/index.php?rest_route=\/wp\/v2\/pages\/77"}],"collection":[{"href":"http:\/\/www.shg-schlaganfall-aphasie-shk.de\/index.php?rest_route=\/wp\/v2\/pages"}],"about":[{"href":"http:\/\/www.shg-schlaganfall-aphasie-shk.de\/index.php?rest_route=\/wp\/v2\/types\/page"}],"author":[{"embeddable":true,"href":"http:\/\/www.shg-schlaganfall-aphasie-shk.de\/index.php?rest_route=\/wp\/v2\/users\/5"}],"replies":[{"embeddable":true,"href":"http:\/\/www.shg-schlaganfall-aphasie-shk.de\/index.php?rest_route=%2Fwp%2Fv2%2Fcomments&post=77"}],"version-history":[{"count":6,"href":"http:\/\/www.shg-schlaganfall-aphasie-shk.de\/index.php?rest_route=\/wp\/v2\/pages\/77\/revisions"}],"predecessor-version":[{"id":166,"href":"http:\/\/www.shg-schlaganfall-aphasie-shk.de\/index.php?rest_route=\/wp\/v2\/pages\/77\/revisions\/166"}],"wp:attachment":[{"href":"http:\/\/www.shg-schlaganfall-aphasie-shk.de\/index.php?rest_route=%2Fwp%2Fv2%2Fmedia&parent=77"}],"curies":[{"name":"wp","href":"https:\/\/api.w.org\/{rel}","templated":true}]}}