{"id":9,"date":"2014-01-25T22:54:21","date_gmt":"2014-01-25T20:54:21","guid":{"rendered":"http:\/\/localhost\/wordpress\/?page_id=9"},"modified":"2017-01-13T19:38:59","modified_gmt":"2017-01-13T17:38:59","slug":"willkommen-2","status":"publish","type":"page","link":"http:\/\/www.shg-schlaganfall-aphasie-shk.de\/","title":{"rendered":"Willkommen"},"content":{"rendered":"<p>Die Selbsthilfegruppe ist f\u00fcr Patienten mit einem Schlaganfall und\/oder einer Aphasie.<\/p>\n<p>Aphasie nennt man eine Sprachst\u00f6rung, die in Folge einer Hirnsch\u00e4digung (h\u00e4ufig nach einem Schlaganfall, Tumor, Sch\u00e4del-Hirn-Trauma usw.) auftritt.<\/p>\n<p>J\u00e4hrlich erleiden ca. 250.000 Menschen einen Schlaganfall. 30% der Betroffenen weisen eine Aphasie auf.<\/p>\n<p>&#8222;Die Sprache zu verlieren ist genau so grausam wie eine Isolationshaft. Sich nicht mehr mit eigenen Worten verst\u00e4ndigen zu k\u00f6nnen, ber\u00fchrt die pers\u00f6nliche W\u00fcrde.&#8220; (Worte von Roman Herzog zum 3. Internationalen Aphasie-Kongress in W\u00fcrzburg 1996)<\/p>\n<p>Mindestens ebenso stark wie die Aphasiker und Schlaganfallpatienten selbst sind die Angeh\u00f6rigen betroffen, denn binnen weniger Augenblicke \u00e4ndert sich das gesamte Leben und man kann sich vorher nicht darauf einstellen. H\u00e4ufig steht die Familie der ver\u00e4nderten Situiation hilflos gegen\u00fcber.<\/p>\n<p>In der Selbsthilfegruppe erfahren Betroffene und Angeh\u00f6rige Halt und Unterst\u00fctzung und k\u00f6nnen ihre Erfahrungen austauschen. Hier muss man oft nicht viele Worte machen, um verstanden zu werden.<\/p>\n<p>Die Selbsthilfegruppe sieht sich als Bindeglied zwischen Patienten, deren Angeh\u00f6rigen, \u00c4rzten und Therapeuten.<\/p>\n<p>Mit der Selbsthilfegruppe wollen wir:<\/p>\n<ul>\n<li>trotz Handicap aktiv am Leben teilnehmen, jeder nach seinen M\u00f6glichkeiten<\/li>\n<li>Erfahrungen austauschen, Neues erfahren und dazulernen<\/li>\n<li>und gegenseitig st\u00e4rken, aufbauen und zuh\u00f6ren<\/li>\n<li>lernen, mit dem bestehenden Einschr\u00e4nkungen besser zurecht zu kommen<\/li>\n<li>neue M\u00f6glichkeiten entdecken und Freude am Leben haben<\/li>\n<\/ul>\n<p><a href=\"http:\/\/s658529983.online.de\/aphasie\/wp-content\/uploads\/2016\/11\/aphasie_gesamt.png\"><img loading=\"lazy\" class=\"alignnone size-full wp-image-121\" src=\"http:\/\/s658529983.online.de\/aphasie\/wp-content\/uploads\/2016\/11\/aphasie_gesamt.png\" alt=\"Logo Landesverband Aphasie Th\u00fcringen e.V.\" width=\"1205\" height=\"1150\" srcset=\"http:\/\/www.shg-schlaganfall-aphasie-shk.de\/wp-content\/uploads\/2016\/11\/aphasie_gesamt.png 1205w, http:\/\/www.shg-schlaganfall-aphasie-shk.de\/wp-content\/uploads\/2016\/11\/aphasie_gesamt-300x286.png 300w, http:\/\/www.shg-schlaganfall-aphasie-shk.de\/wp-content\/uploads\/2016\/11\/aphasie_gesamt-768x733.png 768w, http:\/\/www.shg-schlaganfall-aphasie-shk.de\/wp-content\/uploads\/2016\/11\/aphasie_gesamt-1024x977.png 1024w, http:\/\/www.shg-schlaganfall-aphasie-shk.de\/wp-content\/uploads\/2016\/11\/aphasie_gesamt-1200x1145.png 1200w\" sizes=\"(max-width: 709px) 85vw, (max-width: 909px) 67vw, (max-width: 1362px) 62vw, 840px\" \/><\/a><\/p>\n<p>&nbsp;<\/p>\n","protected":false},"excerpt":{"rendered":"<p>Die Selbsthilfegruppe ist f\u00fcr Patienten mit einem Schlaganfall und\/oder einer Aphasie. Aphasie nennt man eine Sprachst\u00f6rung, die in Folge einer Hirnsch\u00e4digung (h\u00e4ufig nach einem Schlaganfall, Tumor, Sch\u00e4del-Hirn-Trauma usw.) auftritt. J\u00e4hrlich erleiden ca. 250.000 Menschen einen Schlaganfall. 30% der Betroffenen weisen eine Aphasie auf. &#8222;Die Sprache zu verlieren ist genau so grausam wie eine Isolationshaft. Sich &hellip; <a href=\"http:\/\/www.shg-schlaganfall-aphasie-shk.de\/\" class=\"more-link\"><span class=\"screen-reader-text\">&#8222;Willkommen&#8220; <\/span>weiterlesen<\/a><\/p>\n","protected":false},"author":5,"featured_media":0,"parent":0,"menu_order":0,"comment_status":"closed","ping_status":"closed","template":"","meta":[],"_links":{"self":[{"href":"http:\/\/www.shg-schlaganfall-aphasie-shk.de\/index.php?rest_route=\/wp\/v2\/pages\/9"}],"collection":[{"href":"http:\/\/www.shg-schlaganfall-aphasie-shk.de\/index.php?rest_route=\/wp\/v2\/pages"}],"about":[{"href":"http:\/\/www.shg-schlaganfall-aphasie-shk.de\/index.php?rest_route=\/wp\/v2\/types\/page"}],"author":[{"embeddable":true,"href":"http:\/\/www.shg-schlaganfall-aphasie-shk.de\/index.php?rest_route=\/wp\/v2\/users\/5"}],"replies":[{"embeddable":true,"href":"http:\/\/www.shg-schlaganfall-aphasie-shk.de\/index.php?rest_route=%2Fwp%2Fv2%2Fcomments&post=9"}],"version-history":[{"count":18,"href":"http:\/\/www.shg-schlaganfall-aphasie-shk.de\/index.php?rest_route=\/wp\/v2\/pages\/9\/revisions"}],"predecessor-version":[{"id":139,"href":"http:\/\/www.shg-schlaganfall-aphasie-shk.de\/index.php?rest_route=\/wp\/v2\/pages\/9\/revisions\/139"}],"wp:attachment":[{"href":"http:\/\/www.shg-schlaganfall-aphasie-shk.de\/index.php?rest_route=%2Fwp%2Fv2%2Fmedia&parent=9"}],"curies":[{"name":"wp","href":"https:\/\/api.w.org\/{rel}","templated":true}]}}